{"id":21,"date":"2026-03-14T14:31:55","date_gmt":"2026-03-14T13:31:55","guid":{"rendered":"https:\/\/tacticalarena.pl\/?page_id=21"},"modified":"2026-03-14T14:31:55","modified_gmt":"2026-03-14T13:31:55","slug":"tactical-arena","status":"publish","type":"page","link":"https:\/\/tacticalarena.pl\/?page_id=21","title":{"rendered":"Tactical Arena"},"content":{"rendered":"\n<div class=\"wp-block-group alignfull has-global-padding is-layout-constrained wp-block-group-is-layout-constrained\" style=\"margin-top:0;margin-bottom:0;padding-top:var(--wp--preset--spacing--50);padding-bottom:var(--wp--preset--spacing--50)\">\n<div class=\"wp-block-columns alignwide is-layout-flex wp-container-core-columns-is-layout-47c06fe3 wp-block-columns-is-layout-flex\">\n<div class=\"wp-block-column is-layout-flow wp-block-column-is-layout-flow\" style=\"flex-basis:56%\">\n<figure class=\"wp-block-image size-full\"><img fetchpriority=\"high\" decoding=\"async\" width=\"1536\" height=\"1024\" src=\"http:\/\/tacticalarena.pl\/wp-content\/uploads\/2026\/03\/899C288C-9D03-4EA1-887B-1A409842BC22.png\" alt=\"\" class=\"wp-image-20\" style=\"aspect-ratio:1;object-fit:cover\" srcset=\"https:\/\/tacticalarena.pl\/wp-content\/uploads\/2026\/03\/899C288C-9D03-4EA1-887B-1A409842BC22.png 1536w, https:\/\/tacticalarena.pl\/wp-content\/uploads\/2026\/03\/899C288C-9D03-4EA1-887B-1A409842BC22-300x200.png 300w, https:\/\/tacticalarena.pl\/wp-content\/uploads\/2026\/03\/899C288C-9D03-4EA1-887B-1A409842BC22-1024x683.png 1024w, https:\/\/tacticalarena.pl\/wp-content\/uploads\/2026\/03\/899C288C-9D03-4EA1-887B-1A409842BC22-768x512.png 768w\" sizes=\"(max-width: 1536px) 100vw, 1536px\" \/><\/figure>\n<\/div>\n\n\n\n<div class=\"wp-block-column is-vertically-aligned-center is-layout-flow wp-container-core-column-is-layout-119bc444 wp-block-column-is-layout-flow\">\n<h2 class=\"wp-block-heading\">Nowo\u015bci<\/h2>\n\n\n\n<p><\/p>\n\n\n\n<div class=\"wp-block-buttons is-layout-flex wp-block-buttons-is-layout-flex\">\n<div class=\"wp-block-button\"><a class=\"wp-block-button__link wp-element-button\">Dowiedz si\u0119 wi\u0119cej<\/a><\/div>\n<\/div>\n<\/div>\n<\/div>\n\n\n\n<figure class=\"wp-block-image size-large\"><img decoding=\"async\" width=\"1024\" height=\"576\" src=\"http:\/\/tacticalarena.pl\/wp-content\/uploads\/2026\/03\/05F8F381-2D6A-4D00-A4C2-BE385B79A901-1-1024x576.jpg\" alt=\"\" class=\"wp-image-19\" srcset=\"https:\/\/tacticalarena.pl\/wp-content\/uploads\/2026\/03\/05F8F381-2D6A-4D00-A4C2-BE385B79A901-1-1024x576.jpg 1024w, https:\/\/tacticalarena.pl\/wp-content\/uploads\/2026\/03\/05F8F381-2D6A-4D00-A4C2-BE385B79A901-1-300x169.jpg 300w, https:\/\/tacticalarena.pl\/wp-content\/uploads\/2026\/03\/05F8F381-2D6A-4D00-A4C2-BE385B79A901-1-768x432.jpg 768w, https:\/\/tacticalarena.pl\/wp-content\/uploads\/2026\/03\/05F8F381-2D6A-4D00-A4C2-BE385B79A901-1.jpg 1536w\" sizes=\"(max-width: 1024px) 100vw, 1024px\" \/><\/figure>\n<\/div>\n\n\n\n<div class=\"wp-block-group alignfull has-global-padding is-layout-constrained wp-block-group-is-layout-constrained\" style=\"margin-top:0;margin-bottom:0;padding-top:var(--wp--preset--spacing--50);padding-bottom:var(--wp--preset--spacing--50)\">\n<div class=\"wp-block-group alignwide is-layout-grid wp-container-core-group-is-layout-840b37f5 wp-block-group-is-layout-grid\">\n<div class=\"wp-block-group is-vertical is-layout-flex wp-container-core-group-is-layout-d6b9ab57 wp-block-group-is-layout-flex\">\n<h2 class=\"wp-block-heading has-x-large-font-size\">Najpopularniejsze kategorie<\/h2>\n<\/div>\n\n\n\n<div class=\"wp-block-group is-vertical is-content-justification-stretch is-layout-flex wp-container-core-group-is-layout-353c4f5a wp-block-group-is-layout-flex\">\n<div class=\"wp-block-cover\"><img decoding=\"async\" width=\"297\" height=\"403\" class=\"wp-block-cover__image-background wp-image-28\" alt=\"Zbli\u017cenie czerwonego anturium.\" src=\"https:\/\/tacticalarena.pl\/wp-content\/uploads\/2026\/03\/category-anthuriums.webp\" data-object-fit=\"cover\" srcset=\"https:\/\/tacticalarena.pl\/wp-content\/uploads\/2026\/03\/category-anthuriums.webp 297w, https:\/\/tacticalarena.pl\/wp-content\/uploads\/2026\/03\/category-anthuriums-221x300.webp 221w\" sizes=\"(max-width: 297px) 100vw, 297px\" \/><span aria-hidden=\"true\" class=\"wp-block-cover__background has-background-dim-0 has-background-dim\" style=\"background-color:#833d3a\"><\/span><div class=\"wp-block-cover__inner-container has-global-padding is-layout-constrained wp-block-cover-is-layout-constrained\">\n<div style=\"height:var(--wp--preset--spacing--20)\" aria-hidden=\"true\" class=\"wp-block-spacer\"><\/div>\n<\/div><\/div>\n\n\n\n<p class=\"has-text-align-center\">Anturiumy<\/p>\n<\/div>\n\n\n\n<div class=\"wp-block-group is-vertical is-content-justification-stretch is-layout-flex wp-container-core-group-is-layout-353c4f5a wp-block-group-is-layout-flex\">\n<div class=\"wp-block-cover is-light\"><img loading=\"lazy\" decoding=\"async\" width=\"297\" height=\"403\" class=\"wp-block-cover__image-background wp-image-31\" alt=\"\" src=\"https:\/\/tacticalarena.pl\/wp-content\/uploads\/2026\/03\/category-cactus.webp\" data-object-fit=\"cover\" srcset=\"https:\/\/tacticalarena.pl\/wp-content\/uploads\/2026\/03\/category-cactus.webp 297w, https:\/\/tacticalarena.pl\/wp-content\/uploads\/2026\/03\/category-cactus-221x300.webp 221w\" sizes=\"(max-width: 297px) 100vw, 297px\" \/><span aria-hidden=\"true\" class=\"wp-block-cover__background has-background-dim-0 has-background-dim\" style=\"background-color:#828282\"><\/span><div class=\"wp-block-cover__inner-container has-global-padding is-layout-constrained wp-block-cover-is-layout-constrained\">\n<div style=\"height:var(--wp--preset--spacing--20)\" aria-hidden=\"true\" class=\"wp-block-spacer\"><\/div>\n<\/div><\/div>\n\n\n\n<p class=\"has-text-align-center\">Kaktus<\/p>\n<\/div>\n\n\n\n<div class=\"wp-block-group is-vertical is-content-justification-stretch is-layout-flex wp-container-core-group-is-layout-353c4f5a wp-block-group-is-layout-flex\">\n<div class=\"wp-block-cover is-light\"><img loading=\"lazy\" decoding=\"async\" width=\"297\" height=\"403\" class=\"wp-block-cover__image-background wp-image-29\" alt=\"\" src=\"https:\/\/tacticalarena.pl\/wp-content\/uploads\/2026\/03\/category-sunflowers.webp\" data-object-fit=\"cover\" srcset=\"https:\/\/tacticalarena.pl\/wp-content\/uploads\/2026\/03\/category-sunflowers.webp 297w, https:\/\/tacticalarena.pl\/wp-content\/uploads\/2026\/03\/category-sunflowers-221x300.webp 221w\" sizes=\"(max-width: 297px) 100vw, 297px\" \/><span aria-hidden=\"true\" class=\"wp-block-cover__background has-background-dim-0 has-background-dim\" style=\"background-color:#d6bc98\"><\/span><div class=\"wp-block-cover__inner-container has-global-padding is-layout-constrained wp-block-cover-is-layout-constrained\">\n<div style=\"height:var(--wp--preset--spacing--20)\" aria-hidden=\"true\" class=\"wp-block-spacer\"><\/div>\n<\/div><\/div>\n\n\n\n<p class=\"has-text-align-center\">S\u0142oneczniki<\/p>\n<\/div>\n<\/div>\n<\/div>\n\n\n\n<div class=\"wp-block-group alignfull has-global-padding is-layout-constrained wp-block-group-is-layout-constrained\" style=\"margin-top:0;margin-bottom:0;padding-top:var(--wp--preset--spacing--50);padding-bottom:var(--wp--preset--spacing--50)\">\n<div class=\"wp-block-group alignwide is-layout-grid wp-container-core-group-is-layout-21f393a4 wp-block-group-is-layout-grid\">\n<div class=\"wp-block-group is-style-section-3 has-global-padding is-layout-constrained wp-block-group-is-layout-constrained is-style-section-3--1\" style=\"min-height:297px\">\n<div class=\"wp-block-group is-vertical is-content-justification-center is-layout-flex wp-container-core-group-is-layout-4aa192bb wp-block-group-is-layout-flex\" style=\"min-height:100%\">\n<h2 class=\"wp-block-heading has-large-font-size\">Instagram<\/h2>\n\n\n\n<p class=\"has-text-align-center has-medium-font-size\"><a href=\"#\">@przyk\u0142ad<\/a><\/p>\n<\/div>\n<\/div>\n\n\n\n<figure class=\"wp-block-image size-full\"><img loading=\"lazy\" decoding=\"async\" width=\"594\" height=\"594\" src=\"https:\/\/tacticalarena.pl\/wp-content\/uploads\/2026\/03\/flower-meadow-square.webp\" alt=\"Zdj\u0119cie przedstawiaj\u0105ce pole pe\u0142ne kwiat\u00f3w, b\u0142\u0119kitne niebo i drzewo.\" class=\"wp-image-26\" style=\"aspect-ratio:1;object-fit:cover\" srcset=\"https:\/\/tacticalarena.pl\/wp-content\/uploads\/2026\/03\/flower-meadow-square.webp 594w, https:\/\/tacticalarena.pl\/wp-content\/uploads\/2026\/03\/flower-meadow-square-300x300.webp 300w, https:\/\/tacticalarena.pl\/wp-content\/uploads\/2026\/03\/flower-meadow-square-150x150.webp 150w\" sizes=\"(max-width: 594px) 100vw, 594px\" \/><\/figure>\n\n\n\n<figure class=\"wp-block-image size-full\"><img loading=\"lazy\" decoding=\"async\" width=\"594\" height=\"594\" src=\"https:\/\/tacticalarena.pl\/wp-content\/uploads\/2026\/03\/vash-gon-square.webp\" alt=\"Portret profilowy tubylca.\" class=\"wp-image-27\" style=\"aspect-ratio:1;object-fit:cover\" srcset=\"https:\/\/tacticalarena.pl\/wp-content\/uploads\/2026\/03\/vash-gon-square.webp 594w, https:\/\/tacticalarena.pl\/wp-content\/uploads\/2026\/03\/vash-gon-square-300x300.webp 300w, https:\/\/tacticalarena.pl\/wp-content\/uploads\/2026\/03\/vash-gon-square-150x150.webp 150w\" sizes=\"(max-width: 594px) 100vw, 594px\" \/><\/figure>\n\n\n\n<figure class=\"wp-block-image size-full\"><img loading=\"lazy\" decoding=\"async\" width=\"594\" height=\"594\" src=\"https:\/\/tacticalarena.pl\/wp-content\/uploads\/2026\/03\/coral-square.webp\" alt=\"Widok na g\u0142\u0119boki ocean.\" class=\"wp-image-24\" style=\"aspect-ratio:1;object-fit:cover\" srcset=\"https:\/\/tacticalarena.pl\/wp-content\/uploads\/2026\/03\/coral-square.webp 594w, https:\/\/tacticalarena.pl\/wp-content\/uploads\/2026\/03\/coral-square-300x300.webp 300w, https:\/\/tacticalarena.pl\/wp-content\/uploads\/2026\/03\/coral-square-150x150.webp 150w\" sizes=\"(max-width: 594px) 100vw, 594px\" \/><\/figure>\n\n\n\n<figure class=\"wp-block-image size-full\"><img loading=\"lazy\" decoding=\"async\" width=\"720\" height=\"720\" src=\"https:\/\/tacticalarena.pl\/wp-content\/uploads\/2026\/03\/agenda-img-4.webp\" alt=\"Portret afryka\u0144skiej kobiety ubranej w tradycyjny str\u00f3j i nosz\u0105cej ozdobn\u0105 bi\u017cuteri\u0119.\" class=\"wp-image-22\" style=\"aspect-ratio:1;object-fit:cover\" srcset=\"https:\/\/tacticalarena.pl\/wp-content\/uploads\/2026\/03\/agenda-img-4.webp 720w, https:\/\/tacticalarena.pl\/wp-content\/uploads\/2026\/03\/agenda-img-4-300x300.webp 300w, https:\/\/tacticalarena.pl\/wp-content\/uploads\/2026\/03\/agenda-img-4-150x150.webp 150w\" sizes=\"(max-width: 720px) 100vw, 720px\" \/><\/figure>\n\n\n\n<figure class=\"wp-block-image size-full\"><img loading=\"lazy\" decoding=\"async\" width=\"594\" height=\"594\" src=\"https:\/\/tacticalarena.pl\/wp-content\/uploads\/2026\/03\/parthenon-square.webp\" alt=\"Akropol w Atenach.\" class=\"wp-image-30\" style=\"aspect-ratio:1;object-fit:cover\" srcset=\"https:\/\/tacticalarena.pl\/wp-content\/uploads\/2026\/03\/parthenon-square.webp 594w, https:\/\/tacticalarena.pl\/wp-content\/uploads\/2026\/03\/parthenon-square-300x300.webp 300w, https:\/\/tacticalarena.pl\/wp-content\/uploads\/2026\/03\/parthenon-square-150x150.webp 150w\" sizes=\"(max-width: 594px) 100vw, 594px\" \/><\/figure>\n\n\n\n<figure class=\"wp-block-image size-full\"><img loading=\"lazy\" decoding=\"async\" width=\"594\" height=\"594\" src=\"https:\/\/tacticalarena.pl\/wp-content\/uploads\/2026\/03\/dallas-creek-square.webp\" alt=\"Zbli\u017cenie dw\u00f3ch kwiat\u00f3w na ciemnym tle.\" class=\"wp-image-23\" style=\"aspect-ratio:1;object-fit:cover\" srcset=\"https:\/\/tacticalarena.pl\/wp-content\/uploads\/2026\/03\/dallas-creek-square.webp 594w, https:\/\/tacticalarena.pl\/wp-content\/uploads\/2026\/03\/dallas-creek-square-300x300.webp 300w, https:\/\/tacticalarena.pl\/wp-content\/uploads\/2026\/03\/dallas-creek-square-150x150.webp 150w\" sizes=\"(max-width: 594px) 100vw, 594px\" \/><\/figure>\n\n\n\n<figure class=\"wp-block-image size-full\"><img loading=\"lazy\" decoding=\"async\" width=\"594\" height=\"594\" src=\"https:\/\/tacticalarena.pl\/wp-content\/uploads\/2026\/03\/marshland-birds-square.webp\" alt=\"Ptaki na jeziorze.\" class=\"wp-image-25\" style=\"aspect-ratio:1;object-fit:cover\" srcset=\"https:\/\/tacticalarena.pl\/wp-content\/uploads\/2026\/03\/marshland-birds-square.webp 594w, https:\/\/tacticalarena.pl\/wp-content\/uploads\/2026\/03\/marshland-birds-square-300x300.webp 300w, https:\/\/tacticalarena.pl\/wp-content\/uploads\/2026\/03\/marshland-birds-square-150x150.webp 150w\" sizes=\"(max-width: 594px) 100vw, 594px\" \/><\/figure>\n<\/div>\n<\/div>\n\n\n\n<p><\/p>\n","protected":false},"excerpt":{"rendered":"<p>Nowo\u015bci Najpopularniejsze kategorie Anturiumy Kaktus S\u0142oneczniki Instagram @przyk\u0142ad<\/p>\n","protected":false},"author":1,"featured_media":0,"parent":0,"menu_order":0,"comment_status":"closed","ping_status":"closed","template":"","meta":{"footnotes":""},"class_list":["post-21","page","type-page","status-publish","hentry"],"yoast_head":"<!-- This site is optimized with the Yoast SEO plugin v27.1.1 - https:\/\/yoast.com\/product\/yoast-seo-wordpress\/ -->\n<title>Tactical Arena - wordpressplugins<\/title>\n<meta name=\"robots\" content=\"index, follow, max-snippet:-1, max-image-preview:large, max-video-preview:-1\" \/>\n<link rel=\"canonical\" href=\"http:\/\/tacticalarena.pl\/?page_id=21\" \/>\n<meta property=\"og:locale\" content=\"pl_PL\" \/>\n<meta property=\"og:type\" content=\"article\" \/>\n<meta property=\"og:title\" content=\"Tactical Arena - wordpressplugins\" \/>\n<meta property=\"og:description\" content=\"Nowo\u015bci Najpopularniejsze kategorie Anturiumy Kaktus S\u0142oneczniki Instagram @przyk\u0142ad\" \/>\n<meta property=\"og:url\" content=\"http:\/\/tacticalarena.pl\/?page_id=21\" \/>\n<meta property=\"og:site_name\" content=\"wordpressplugins\" \/>\n<meta property=\"og:image\" content=\"http:\/\/tacticalarena.pl\/wp-content\/uploads\/2026\/03\/899C288C-9D03-4EA1-887B-1A409842BC22.png\" \/>\n<meta name=\"twitter:label1\" content=\"Szacowany czas czytania\" \/>\n\t<meta name=\"twitter:data1\" content=\"3 minuty\" \/>\n<script type=\"application\/ld+json\" class=\"yoast-schema-graph\">{\"@context\":\"https:\/\/schema.org\",\"@graph\":[{\"@type\":\"WebPage\",\"@id\":\"http:\/\/tacticalarena.pl\/?page_id=21\",\"url\":\"http:\/\/tacticalarena.pl\/?page_id=21\",\"name\":\"Tactical Arena - wordpressplugins\",\"isPartOf\":{\"@id\":\"https:\/\/tacticalarena.pl\/#website\"},\"primaryImageOfPage\":{\"@id\":\"http:\/\/tacticalarena.pl\/?page_id=21#primaryimage\"},\"image\":{\"@id\":\"http:\/\/tacticalarena.pl\/?page_id=21#primaryimage\"},\"thumbnailUrl\":\"http:\/\/tacticalarena.pl\/wp-content\/uploads\/2026\/03\/899C288C-9D03-4EA1-887B-1A409842BC22.png\",\"datePublished\":\"2026-03-14T13:31:55+00:00\",\"breadcrumb\":{\"@id\":\"http:\/\/tacticalarena.pl\/?page_id=21#breadcrumb\"},\"inLanguage\":\"pl-PL\",\"potentialAction\":[{\"@type\":\"ReadAction\",\"target\":[\"http:\/\/tacticalarena.pl\/?page_id=21\"]}]},{\"@type\":\"ImageObject\",\"inLanguage\":\"pl-PL\",\"@id\":\"http:\/\/tacticalarena.pl\/?page_id=21#primaryimage\",\"url\":\"https:\/\/tacticalarena.pl\/wp-content\/uploads\/2026\/03\/899C288C-9D03-4EA1-887B-1A409842BC22.png\",\"contentUrl\":\"https:\/\/tacticalarena.pl\/wp-content\/uploads\/2026\/03\/899C288C-9D03-4EA1-887B-1A409842BC22.png\",\"width\":1536,\"height\":1024},{\"@type\":\"BreadcrumbList\",\"@id\":\"http:\/\/tacticalarena.pl\/?page_id=21#breadcrumb\",\"itemListElement\":[{\"@type\":\"ListItem\",\"position\":1,\"name\":\"Home\",\"item\":\"https:\/\/tacticalarena.pl\/\"},{\"@type\":\"ListItem\",\"position\":2,\"name\":\"Tactical Arena\"}]},{\"@type\":\"WebSite\",\"@id\":\"https:\/\/tacticalarena.pl\/#website\",\"url\":\"https:\/\/tacticalarena.pl\/\",\"name\":\"wordpressplugins\",\"description\":\"\",\"potentialAction\":[{\"@type\":\"SearchAction\",\"target\":{\"@type\":\"EntryPoint\",\"urlTemplate\":\"https:\/\/tacticalarena.pl\/?s={search_term_string}\"},\"query-input\":{\"@type\":\"PropertyValueSpecification\",\"valueRequired\":true,\"valueName\":\"search_term_string\"}}],\"inLanguage\":\"pl-PL\"}]}<\/script>\n<!-- \/ Yoast SEO plugin. -->","yoast_head_json":{"title":"Tactical Arena - wordpressplugins","robots":{"index":"index","follow":"follow","max-snippet":"max-snippet:-1","max-image-preview":"max-image-preview:large","max-video-preview":"max-video-preview:-1"},"canonical":"http:\/\/tacticalarena.pl\/?page_id=21","og_locale":"pl_PL","og_type":"article","og_title":"Tactical Arena - wordpressplugins","og_description":"Nowo\u015bci Najpopularniejsze kategorie Anturiumy Kaktus S\u0142oneczniki Instagram @przyk\u0142ad","og_url":"http:\/\/tacticalarena.pl\/?page_id=21","og_site_name":"wordpressplugins","og_image":[{"url":"http:\/\/tacticalarena.pl\/wp-content\/uploads\/2026\/03\/899C288C-9D03-4EA1-887B-1A409842BC22.png","type":"","width":"","height":""}],"twitter_misc":{"Szacowany czas czytania":"3 minuty"},"schema":{"@context":"https:\/\/schema.org","@graph":[{"@type":"WebPage","@id":"http:\/\/tacticalarena.pl\/?page_id=21","url":"http:\/\/tacticalarena.pl\/?page_id=21","name":"Tactical Arena - wordpressplugins","isPartOf":{"@id":"https:\/\/tacticalarena.pl\/#website"},"primaryImageOfPage":{"@id":"http:\/\/tacticalarena.pl\/?page_id=21#primaryimage"},"image":{"@id":"http:\/\/tacticalarena.pl\/?page_id=21#primaryimage"},"thumbnailUrl":"http:\/\/tacticalarena.pl\/wp-content\/uploads\/2026\/03\/899C288C-9D03-4EA1-887B-1A409842BC22.png","datePublished":"2026-03-14T13:31:55+00:00","breadcrumb":{"@id":"http:\/\/tacticalarena.pl\/?page_id=21#breadcrumb"},"inLanguage":"pl-PL","potentialAction":[{"@type":"ReadAction","target":["http:\/\/tacticalarena.pl\/?page_id=21"]}]},{"@type":"ImageObject","inLanguage":"pl-PL","@id":"http:\/\/tacticalarena.pl\/?page_id=21#primaryimage","url":"https:\/\/tacticalarena.pl\/wp-content\/uploads\/2026\/03\/899C288C-9D03-4EA1-887B-1A409842BC22.png","contentUrl":"https:\/\/tacticalarena.pl\/wp-content\/uploads\/2026\/03\/899C288C-9D03-4EA1-887B-1A409842BC22.png","width":1536,"height":1024},{"@type":"BreadcrumbList","@id":"http:\/\/tacticalarena.pl\/?page_id=21#breadcrumb","itemListElement":[{"@type":"ListItem","position":1,"name":"Home","item":"https:\/\/tacticalarena.pl\/"},{"@type":"ListItem","position":2,"name":"Tactical Arena"}]},{"@type":"WebSite","@id":"https:\/\/tacticalarena.pl\/#website","url":"https:\/\/tacticalarena.pl\/","name":"wordpressplugins","description":"","potentialAction":[{"@type":"SearchAction","target":{"@type":"EntryPoint","urlTemplate":"https:\/\/tacticalarena.pl\/?s={search_term_string}"},"query-input":{"@type":"PropertyValueSpecification","valueRequired":true,"valueName":"search_term_string"}}],"inLanguage":"pl-PL"}]}},"_links":{"self":[{"href":"https:\/\/tacticalarena.pl\/index.php?rest_route=\/wp\/v2\/pages\/21","targetHints":{"allow":["GET"]}}],"collection":[{"href":"https:\/\/tacticalarena.pl\/index.php?rest_route=\/wp\/v2\/pages"}],"about":[{"href":"https:\/\/tacticalarena.pl\/index.php?rest_route=\/wp\/v2\/types\/page"}],"author":[{"embeddable":true,"href":"https:\/\/tacticalarena.pl\/index.php?rest_route=\/wp\/v2\/users\/1"}],"replies":[{"embeddable":true,"href":"https:\/\/tacticalarena.pl\/index.php?rest_route=%2Fwp%2Fv2%2Fcomments&post=21"}],"version-history":[{"count":1,"href":"https:\/\/tacticalarena.pl\/index.php?rest_route=\/wp\/v2\/pages\/21\/revisions"}],"predecessor-version":[{"id":32,"href":"https:\/\/tacticalarena.pl\/index.php?rest_route=\/wp\/v2\/pages\/21\/revisions\/32"}],"wp:attachment":[{"href":"https:\/\/tacticalarena.pl\/index.php?rest_route=%2Fwp%2Fv2%2Fmedia&parent=21"}],"curies":[{"name":"wp","href":"https:\/\/api.w.org\/{rel}","templated":true}]}}